{"id":1325,"date":"2022-04-11T13:38:18","date_gmt":"2022-04-11T13:38:18","guid":{"rendered":"https:\/\/leonidashouses.com\/leonidas-ii-traditional-house-in-sparta\/"},"modified":"2022-04-11T14:58:20","modified_gmt":"2022-04-11T14:58:20","slug":"leonidas-ii-traditional-house-in-sparta","status":"publish","type":"page","link":"https:\/\/leonidashouses.com\/it\/leonidas-ii-traditional-house-in-sparta\/","title":{"rendered":"Leonidas II Traditional House in Sparta"},"content":{"rendered":"<p>[vc_row][vc_column][rev_slider_vc alias=&#8221;Slider-1&#8243;][vc_column_text]Questo grazioso appartamento con giardino privato \u00e8 aperto, arioso, luminoso e allegro. Pu\u00f2 ospitare 5 persone. Comprende un comodo soggiorno con TV LCD (32&#8221;) con ampie finestre per godersi il sole durante il giorno. La cucina \u00e8 completamente attrezzata con un bel tavolo da pranzo. Il bagno \u00e8 dotato di tutti i comfort compresa la lavatrice. C&#8217;\u00e8 un giardino privato con tavolo e sedie nella parte anteriore dell&#8217;appartamento dove gli ospiti possono rilassarsi e godersi il profumo dei nostri bellissimi fiori. Inoltre \u00e8 presente un Garage privato dove \u00e8 possibile parcheggiare in sicurezza la propria auto[\/vc_column_text][vc_tta_tabs][vc_tta_section title=&#8221;Panoramica della stanza&#8221; tab_id=&#8221;1497845103207-f0b392b5-8c96&#8243;][vc_column_text]<\/p>\n<div class=\"table-wrapper\">\n<table>\n<tbody>\n<tr>\n<td data-title=\"Column 1\"><i class=\"fa fa-wifi\"><\/i>Wifi gratis<\/td>\n<td data-title=\"Column 1\"><i class=\"fa fa-car\"><\/i>Parcheggio gratuito<\/td>\n<td data-title=\"Column 1\"><i class=\"fa fa-phone\">Lavatrice<\/i><\/td>\n<\/tr>\n<tr>\n<td data-title=\"Column 2\"><i class=\"fa fa-support\"><\/i>Cucinino<\/td>\n<td data-title=\"Column 2\"><i class=\"fa fa-car\"><\/i>Microonde<\/td>\n<td data-title=\"Column 2\"><i class=\"fa fa-thermometer-full\"><\/i>Il riscaldamento<\/td>\n<\/tr>\n<tr>\n<td data-title=\"Column 3\"><i class=\"fa fa-snowflake-o\">Aria condizionata<\/i><\/td>\n<td data-title=\"Column 3\"><i class=\"fa fa-bell\">Tv a schermo piatto<\/i><\/td>\n<td data-title=\"Column 3\"><i class=\"fa fa-briefcase\"><\/i>Deposito bagagli<\/td>\n<\/tr>\n<tr>\n<td data-title=\"Column 4\"><i class=\"fa fa-coffee\">Bagno privato<\/i><\/td>\n<td data-title=\"Column 4\"><i class=\"fa fa-glass\"><\/i>Letto matrimoniale<\/td>\n<td data-title=\"Column 4\"><i class=\"fa fa-key\"><\/i>Sala da pranzo<\/td>\n<\/tr>\n<\/tbody>\n<\/table>\n<\/div>\n<p>[\/vc_column_text][\/vc_tta_section][vc_tta_section title=&#8221;Galleria fotografica&#8221; tab_id=&#8221;1497845035220-b8e9fd08-f3dd&#8221;]<\/p>\n\n\t\t<div id='gallery-1' class='gallery galleryid-1325 gallery-columns-3 gallery-size-thumbnail'><div class='gallery-item'><div class='gallery-icon'><a href=\"https:\/\/leonidashouses.com\/wp-content\/uploads\/2022\/02\/leonidas-II-traditional-house-in-Sparta-out.jpg\" data-gal=\"prettyPhoto[gallery-1]\" title=\"leonidas-II-traditional-house-in-Sparta-out\"><img decoding=\"async\" src=\"https:\/\/leonidashouses.com\/wp-content\/uploads\/2022\/02\/leonidas-II-traditional-house-in-Sparta-out.jpg\" alt=\"\" \/><\/a><\/div>\n\t\t\t\t<div class='wp-caption-text gallery-caption'>\n\t\t\t\tleonidas-II-traditional-house-in-Sparta-entrance\n\t\t\t\t<\/div><\/div><div class='gallery-item'><div class='gallery-icon'><a href=\"https:\/\/leonidashouses.com\/wp-content\/uploads\/2022\/02\/leonidas-II-traditional-house-in-Sparta-entrance.jpg\" data-gal=\"prettyPhoto[gallery-1]\" title=\"leonidas-II-traditional-house-in-Sparta-entrance\"><img decoding=\"async\" src=\"https:\/\/leonidashouses.com\/wp-content\/uploads\/2022\/02\/leonidas-II-traditional-house-in-Sparta-entrance.jpg\" alt=\"\" \/><\/a><\/div>\n\t\t\t\t<div class='wp-caption-text gallery-caption'>\n\t\t\t\tleonidas-II-traditional-house-in-Sparta-entrance\n\t\t\t\t<\/div><\/div><div class='gallery-item'><div class='gallery-icon'><a href=\"https:\/\/leonidashouses.com\/wp-content\/uploads\/2022\/01\/Leonidas-II-Traditional-House-in-Sparta-Living-Room-2-scaled.jpg\" data-gal=\"prettyPhoto[gallery-1]\" title=\"Leonidas II Traditional House in Sparta Living Room 2\"><img decoding=\"async\" src=\"https:\/\/leonidashouses.com\/wp-content\/uploads\/2022\/01\/Leonidas-II-Traditional-House-in-Sparta-Living-Room-2-scaled.jpg\" alt=\"\" \/><\/a><\/div>\n\t\t\t\t<div class='wp-caption-text gallery-caption'>\n\t\t\t\tLeonidas II Traditional House in Sparta Living Room 2\n\t\t\t\t<\/div><\/div><div class='gallery-item'><div class='gallery-icon'><a href=\"https:\/\/leonidashouses.com\/wp-content\/uploads\/2022\/01\/Leonidas-II-Traditional-House-in-Sparta-Living-Room-3-scaled.jpg\" data-gal=\"prettyPhoto[gallery-1]\" title=\"Leonidas II Traditional House in Sparta Living Room 3\"><img decoding=\"async\" src=\"https:\/\/leonidashouses.com\/wp-content\/uploads\/2022\/01\/Leonidas-II-Traditional-House-in-Sparta-Living-Room-3-scaled.jpg\" alt=\"\" \/><\/a><\/div>\n\t\t\t\t<div class='wp-caption-text gallery-caption'>\n\t\t\t\tLeonidas II Traditional House in Sparta Living Room 3\n\t\t\t\t<\/div><\/div><div class='gallery-item'><div class='gallery-icon'><a href=\"https:\/\/leonidashouses.com\/wp-content\/uploads\/2022\/01\/Leonidas-II-Traditional-House-in-Sparta-Bathroom-scaled.jpg\" data-gal=\"prettyPhoto[gallery-1]\" title=\"Leonidas II Traditional House in Sparta Bathroom\"><img decoding=\"async\" src=\"https:\/\/leonidashouses.com\/wp-content\/uploads\/2022\/01\/Leonidas-II-Traditional-House-in-Sparta-Bathroom-scaled.jpg\" alt=\"\" \/><\/a><\/div>\n\t\t\t\t<div class='wp-caption-text gallery-caption'>\n\t\t\t\tLeonidas II Traditional House in Sparta Bathroom\n\t\t\t\t<\/div><\/div><div class='gallery-item'><div class='gallery-icon'><a href=\"https:\/\/leonidashouses.com\/wp-content\/uploads\/2022\/01\/Leonidas-II-Traditional-House-in-Sparta-Bathrrom-scaled.jpg\" data-gal=\"prettyPhoto[gallery-1]\" title=\"Leonidas II Traditional House in Sparta Bathrrom\"><img decoding=\"async\" src=\"https:\/\/leonidashouses.com\/wp-content\/uploads\/2022\/01\/Leonidas-II-Traditional-House-in-Sparta-Bathrrom-scaled.jpg\" alt=\"\" \/><\/a><\/div>\n\t\t\t\t<div class='wp-caption-text gallery-caption'>\n\t\t\t\tLeonidas II Traditional House in Sparta Bathrrom\n\t\t\t\t<\/div><\/div><div class='gallery-item'><div class='gallery-icon'><a href=\"https:\/\/leonidashouses.com\/wp-content\/uploads\/2022\/01\/Leonidas-II-Traditional-House-in-Sparta-Kitchen-scaled.jpg\" data-gal=\"prettyPhoto[gallery-1]\" title=\"Leonidas II Traditional House in Sparta Kitchen\"><img decoding=\"async\" src=\"https:\/\/leonidashouses.com\/wp-content\/uploads\/2022\/01\/Leonidas-II-Traditional-House-in-Sparta-Kitchen-scaled.jpg\" alt=\"\" \/><\/a><\/div>\n\t\t\t\t<div class='wp-caption-text gallery-caption'>\n\t\t\t\tLeonidas II Traditional House in Sparta Kitchen\n\t\t\t\t<\/div><\/div><div class='gallery-item'><div class='gallery-icon'><a href=\"https:\/\/leonidashouses.com\/wp-content\/uploads\/2022\/01\/Leonidas-II-Traditional-House-in-Sparta-Kitchen-Side-View-scaled.jpg\" data-gal=\"prettyPhoto[gallery-1]\" title=\"Leonidas II Traditional House in Sparta Kitchen Side View\"><img decoding=\"async\" src=\"https:\/\/leonidashouses.com\/wp-content\/uploads\/2022\/01\/Leonidas-II-Traditional-House-in-Sparta-Kitchen-Side-View-scaled.jpg\" alt=\"\" \/><\/a><\/div>\n\t\t\t\t<div class='wp-caption-text gallery-caption'>\n\t\t\t\tLeonidas II Traditional House in Sparta Kitchen Side View\n\t\t\t\t<\/div><\/div><div class='gallery-item'><div class='gallery-icon'><a href=\"https:\/\/leonidashouses.com\/wp-content\/uploads\/2022\/01\/Leonidas-II-Traditional-House-in-Sparta-bedroom-one-2-scaled.jpg\" data-gal=\"prettyPhoto[gallery-1]\" title=\"Leonidas II Traditional House in Sparta bedroom one -2\"><img decoding=\"async\" src=\"https:\/\/leonidashouses.com\/wp-content\/uploads\/2022\/01\/Leonidas-II-Traditional-House-in-Sparta-bedroom-one-2-scaled.jpg\" alt=\"\" \/><\/a><\/div>\n\t\t\t\t<div class='wp-caption-text gallery-caption'>\n\t\t\t\tLeonidas II Traditional House in Sparta bedroom one -2\n\t\t\t\t<\/div><\/div><div class='gallery-item'><div class='gallery-icon'><a href=\"https:\/\/leonidashouses.com\/wp-content\/uploads\/2022\/01\/Leonidas-II-Traditional-House-in-Sparta-Kitchen-Full-View-scaled.jpg\" data-gal=\"prettyPhoto[gallery-1]\" title=\"Leonidas II Traditional House in Sparta Kitchen Full View\"><img decoding=\"async\" src=\"https:\/\/leonidashouses.com\/wp-content\/uploads\/2022\/01\/Leonidas-II-Traditional-House-in-Sparta-Kitchen-Full-View-scaled.jpg\" alt=\"\" \/><\/a><\/div>\n\t\t\t\t<div class='wp-caption-text gallery-caption'>\n\t\t\t\tLeonidas II Traditional House in Sparta Kitchen Full View\n\t\t\t\t<\/div><\/div><div class='gallery-item'><div class='gallery-icon'><a href=\"https:\/\/leonidashouses.com\/wp-content\/uploads\/2022\/01\/Leonidas-II-Traditional-House-in-Sparta-Kitchen-Full-View-2-scaled.jpg\" data-gal=\"prettyPhoto[gallery-1]\" title=\"Leonidas II Traditional House in Sparta Kitchen Full View 2\"><img decoding=\"async\" src=\"https:\/\/leonidashouses.com\/wp-content\/uploads\/2022\/01\/Leonidas-II-Traditional-House-in-Sparta-Kitchen-Full-View-2-scaled.jpg\" alt=\"\" \/><\/a><\/div>\n\t\t\t\t<div class='wp-caption-text gallery-caption'>\n\t\t\t\tLeonidas II Traditional House in Sparta Kitchen Full View 2\n\t\t\t\t<\/div><\/div><div class='gallery-item'><div class='gallery-icon'><a href=\"https:\/\/leonidashouses.com\/wp-content\/uploads\/2022\/01\/Leonidas-II-Traditional-House-in-Sparta-Kitchen-Front-View-scaled.jpg\" data-gal=\"prettyPhoto[gallery-1]\" title=\"Leonidas II Traditional House in Sparta Kitchen Front View\"><img decoding=\"async\" src=\"https:\/\/leonidashouses.com\/wp-content\/uploads\/2022\/01\/Leonidas-II-Traditional-House-in-Sparta-Kitchen-Front-View-scaled.jpg\" alt=\"\" \/><\/a><\/div>\n\t\t\t\t<div class='wp-caption-text gallery-caption'>\n\t\t\t\tLeonidas II Traditional House in Sparta Kitchen Front View\n\t\t\t\t<\/div><\/div><div class='gallery-item'><div class='gallery-icon'><a href=\"https:\/\/leonidashouses.com\/wp-content\/uploads\/2022\/01\/Leonidas-II-Traditional-House-in-Sparta-Bedroom-one-3-scaled.jpg\" data-gal=\"prettyPhoto[gallery-1]\" title=\"Leonidas II Traditional House in Sparta Bedroom one 3\"><img decoding=\"async\" src=\"https:\/\/leonidashouses.com\/wp-content\/uploads\/2022\/01\/Leonidas-II-Traditional-House-in-Sparta-Bedroom-one-3-scaled.jpg\" alt=\"\" \/><\/a><\/div>\n\t\t\t\t<div class='wp-caption-text gallery-caption'>\n\t\t\t\tLeonidas II Traditional House in Sparta Bedroom one 3\n\t\t\t\t<\/div><\/div><div class='gallery-item'><div class='gallery-icon'><a href=\"https:\/\/leonidashouses.com\/wp-content\/uploads\/2022\/01\/Leonidas-II-Traditional-House-in-Sparta-bedroom-one-scaled.jpg\" data-gal=\"prettyPhoto[gallery-1]\" title=\"Leonidas II Traditional House in Sparta bedroom one\"><img decoding=\"async\" src=\"https:\/\/leonidashouses.com\/wp-content\/uploads\/2022\/01\/Leonidas-II-Traditional-House-in-Sparta-bedroom-one-scaled.jpg\" alt=\"\" \/><\/a><\/div>\n\t\t\t\t<div class='wp-caption-text gallery-caption'>\n\t\t\t\tLeonidas II Traditional House in Sparta bedroom one\n\t\t\t\t<\/div><\/div><div class='gallery-item'><div class='gallery-icon'><a href=\"https:\/\/leonidashouses.com\/wp-content\/uploads\/2022\/01\/Leonidas-II-Traditional-House-in-Sparta-bedroom-two-scaled.jpg\" data-gal=\"prettyPhoto[gallery-1]\" title=\"Leonidas II Traditional House in Sparta bedroom two\"><img decoding=\"async\" src=\"https:\/\/leonidashouses.com\/wp-content\/uploads\/2022\/01\/Leonidas-II-Traditional-House-in-Sparta-bedroom-two-scaled.jpg\" alt=\"\" \/><\/a><\/div>\n\t\t\t\t<div class='wp-caption-text gallery-caption'>\n\t\t\t\tLeonidas II Traditional House in Sparta bedroom two\n\t\t\t\t<\/div><\/div><div class='gallery-item'><div class='gallery-icon'><a href=\"https:\/\/leonidashouses.com\/wp-content\/uploads\/2022\/02\/Leonidas-2-traditional-house-in-sparta-bedroom.png\" data-gal=\"prettyPhoto[gallery-1]\" title=\"Leonidas-2-traditional-house-in-sparta-bedroom\"><img decoding=\"async\" src=\"https:\/\/leonidashouses.com\/wp-content\/uploads\/2022\/02\/Leonidas-2-traditional-house-in-sparta-bedroom.png\" alt=\"\" \/><\/a><\/div>\n\t\t\t\t<div class='wp-caption-text gallery-caption'>\n\t\t\t\tLeonidas-2-traditional-house-in-sparta-bedroom\n\t\t\t\t<\/div><\/div><div class='gallery-item'><div class='gallery-icon'><a href=\"https:\/\/leonidashouses.com\/wp-content\/uploads\/2022\/02\/Leonidas-2-traditional-house-in-sparta-outside.png\" data-gal=\"prettyPhoto[gallery-1]\" title=\"Leonidas-2-traditional-house-in-sparta-outside\"><img decoding=\"async\" src=\"https:\/\/leonidashouses.com\/wp-content\/uploads\/2022\/02\/Leonidas-2-traditional-house-in-sparta-outside.png\" alt=\"\" \/><\/a><\/div>\n\t\t\t\t<div class='wp-caption-text gallery-caption'>\n\t\t\t\tLeonidas-2-traditional-house-in-sparta-outside\n\t\t\t\t<\/div><\/div><div class='gallery-item'><div class='gallery-icon'><a href=\"https:\/\/leonidashouses.com\/wp-content\/uploads\/2022\/02\/Leonidas-2-traditional-house-in-sparta-inside.png\" data-gal=\"prettyPhoto[gallery-1]\" title=\"Leonidas-2-traditional-house-in-sparta-inside\"><img decoding=\"async\" src=\"https:\/\/leonidashouses.com\/wp-content\/uploads\/2022\/02\/Leonidas-2-traditional-house-in-sparta-inside.png\" alt=\"\" \/><\/a><\/div>\n\t\t\t\t<div class='wp-caption-text gallery-caption'>\n\t\t\t\tLeonidas-2-traditional-house-in-sparta-inside\n\t\t\t\t<\/div><\/div>\n\t\t\t<br style='clear: both;' \/>\n\t\t<\/div>\n\n<p>[\/vc_tta_section][\/vc_tta_tabs][\/vc_column][vc_column][\/vc_column][\/vc_row]<\/p>\n","protected":false},"excerpt":{"rendered":"<p>[vc_row][vc_column][rev_slider_vc alias=&#8221;Slider-1&#8243;][vc_column_text]Questo grazioso appartamento con giardino privato \u00e8 aperto, arioso, luminoso e allegro. Pu\u00f2 ospitare 5 persone. Comprende un comodo soggiorno con TV LCD (32&#8221;) con ampie finestre per godersi il sole durante il giorno. La cucina \u00e8 completamente attrezzata con un bel tavolo da pranzo. Il bagno \u00e8 dotato di tutti i comfort compresa<\/p>\n<a href=\"https:\/\/leonidashouses.com\/it\/leonidas-ii-traditional-house-in-sparta\/\" class=\"sohohotel-more-link\">Read More<i class=\"fa fa-angle-right\"><\/i><\/a>","protected":false},"author":2,"featured_media":1080,"parent":0,"menu_order":0,"comment_status":"closed","ping_status":"closed","template":"","meta":{"footnotes":""},"class_list":["post-1325","page","type-page","status-publish","has-post-thumbnail","hentry"],"yoast_head":"<!-- This site is optimized with the Yoast SEO plugin v23.9 - https:\/\/yoast.com\/wordpress\/plugins\/seo\/ -->\n<title>Leonidas II Traditional House in Sparta - Leonidas Houses<\/title>\n<meta name=\"robots\" content=\"index, follow, max-snippet:-1, max-image-preview:large, max-video-preview:-1\" \/>\n<link rel=\"canonical\" href=\"https:\/\/leonidashouses.com\/leonidas-ii-traditional-house-in-sparta\/\" \/>\n<meta property=\"og:locale\" content=\"it_IT\" \/>\n<meta property=\"og:type\" content=\"article\" \/>\n<meta property=\"og:title\" content=\"Leonidas II Traditional House in Sparta - Leonidas Houses\" \/>\n<meta property=\"og:description\" content=\"[vc_row][vc_column][rev_slider_vc alias=&#8221;Slider-1&#8243;][vc_column_text]Questo grazioso appartamento con giardino privato \u00e8 aperto, arioso, luminoso e allegro. Pu\u00f2 ospitare 5 persone. Comprende un comodo soggiorno con TV LCD (32&#8221;) con ampie finestre per godersi il sole durante il giorno. La cucina \u00e8 completamente attrezzata con un bel tavolo da pranzo. Il bagno \u00e8 dotato di tutti i comfort compresa\" \/>\n<meta property=\"og:url\" content=\"https:\/\/leonidashouses.com\/leonidas-ii-traditional-house-in-sparta\/\" \/>\n<meta property=\"og:site_name\" content=\"Leonidas Houses\" \/>\n<meta property=\"article:modified_time\" content=\"2022-04-11T14:58:20+00:00\" \/>\n<meta property=\"og:image\" content=\"https:\/\/leonidashouses.com\/wp-content\/uploads\/2021\/08\/IMG_20210811_151756-1-1-1-scaled.jpg\" \/>\n\t<meta property=\"og:image:width\" content=\"2560\" \/>\n\t<meta property=\"og:image:height\" content=\"1920\" \/>\n\t<meta property=\"og:image:type\" content=\"image\/jpeg\" \/>\n<meta name=\"twitter:card\" content=\"summary_large_image\" \/>\n<meta name=\"twitter:label1\" content=\"Tempo di lettura stimato\" \/>\n\t<meta name=\"twitter:data1\" content=\"1 minuto\" \/>\n<script type=\"application\/ld+json\" class=\"yoast-schema-graph\">{\"@context\":\"https:\/\/schema.org\",\"@graph\":[{\"@type\":\"WebPage\",\"@id\":\"https:\/\/leonidashouses.com\/leonidas-ii-traditional-house-in-sparta\/\",\"url\":\"https:\/\/leonidashouses.com\/leonidas-ii-traditional-house-in-sparta\/\",\"name\":\"Leonidas II Traditional House in Sparta - Leonidas Houses\",\"isPartOf\":{\"@id\":\"https:\/\/leonidashouses.com\/#website\"},\"primaryImageOfPage\":{\"@id\":\"https:\/\/leonidashouses.com\/leonidas-ii-traditional-house-in-sparta\/#primaryimage\"},\"image\":{\"@id\":\"https:\/\/leonidashouses.com\/leonidas-ii-traditional-house-in-sparta\/#primaryimage\"},\"thumbnailUrl\":\"https:\/\/leonidashouses.com\/wp-content\/uploads\/2021\/08\/IMG_20210811_151756-1-1-1-scaled.jpg\",\"datePublished\":\"2022-04-11T13:38:18+00:00\",\"dateModified\":\"2022-04-11T14:58:20+00:00\",\"breadcrumb\":{\"@id\":\"https:\/\/leonidashouses.com\/leonidas-ii-traditional-house-in-sparta\/#breadcrumb\"},\"inLanguage\":\"it-IT\",\"potentialAction\":[{\"@type\":\"ReadAction\",\"target\":[\"https:\/\/leonidashouses.com\/leonidas-ii-traditional-house-in-sparta\/\"]}]},{\"@type\":\"ImageObject\",\"inLanguage\":\"it-IT\",\"@id\":\"https:\/\/leonidashouses.com\/leonidas-ii-traditional-house-in-sparta\/#primaryimage\",\"url\":\"https:\/\/leonidashouses.com\/wp-content\/uploads\/2021\/08\/IMG_20210811_151756-1-1-1-scaled.jpg\",\"contentUrl\":\"https:\/\/leonidashouses.com\/wp-content\/uploads\/2021\/08\/IMG_20210811_151756-1-1-1-scaled.jpg\",\"width\":2560,\"height\":1920,\"caption\":\"Leonidas II Traditional House in Sparta\"},{\"@type\":\"BreadcrumbList\",\"@id\":\"https:\/\/leonidashouses.com\/leonidas-ii-traditional-house-in-sparta\/#breadcrumb\",\"itemListElement\":[{\"@type\":\"ListItem\",\"position\":1,\"name\":\"Home\",\"item\":\"https:\/\/leonidashouses.com\/it\/\"},{\"@type\":\"ListItem\",\"position\":2,\"name\":\"Leonidas II Traditional House in Sparta\"}]},{\"@type\":\"WebSite\",\"@id\":\"https:\/\/leonidashouses.com\/#website\",\"url\":\"https:\/\/leonidashouses.com\/\",\"name\":\"Leonidas Houses\",\"description\":\"Best Accommodation in Sparta\",\"potentialAction\":[{\"@type\":\"SearchAction\",\"target\":{\"@type\":\"EntryPoint\",\"urlTemplate\":\"https:\/\/leonidashouses.com\/?s={search_term_string}\"},\"query-input\":{\"@type\":\"PropertyValueSpecification\",\"valueRequired\":true,\"valueName\":\"search_term_string\"}}],\"inLanguage\":\"it-IT\"}]}<\/script>\n<!-- \/ Yoast SEO plugin. -->","yoast_head_json":{"title":"Leonidas II Traditional House in Sparta - Leonidas Houses","robots":{"index":"index","follow":"follow","max-snippet":"max-snippet:-1","max-image-preview":"max-image-preview:large","max-video-preview":"max-video-preview:-1"},"canonical":"https:\/\/leonidashouses.com\/leonidas-ii-traditional-house-in-sparta\/","og_locale":"it_IT","og_type":"article","og_title":"Leonidas II Traditional House in Sparta - Leonidas Houses","og_description":"[vc_row][vc_column][rev_slider_vc alias=&#8221;Slider-1&#8243;][vc_column_text]Questo grazioso appartamento con giardino privato \u00e8 aperto, arioso, luminoso e allegro. Pu\u00f2 ospitare 5 persone. Comprende un comodo soggiorno con TV LCD (32&#8221;) con ampie finestre per godersi il sole durante il giorno. La cucina \u00e8 completamente attrezzata con un bel tavolo da pranzo. Il bagno \u00e8 dotato di tutti i comfort compresa","og_url":"https:\/\/leonidashouses.com\/leonidas-ii-traditional-house-in-sparta\/","og_site_name":"Leonidas Houses","article_modified_time":"2022-04-11T14:58:20+00:00","og_image":[{"width":2560,"height":1920,"url":"https:\/\/leonidashouses.com\/wp-content\/uploads\/2021\/08\/IMG_20210811_151756-1-1-1-scaled.jpg","type":"image\/jpeg"}],"twitter_card":"summary_large_image","twitter_misc":{"Tempo di lettura stimato":"1 minuto"},"schema":{"@context":"https:\/\/schema.org","@graph":[{"@type":"WebPage","@id":"https:\/\/leonidashouses.com\/leonidas-ii-traditional-house-in-sparta\/","url":"https:\/\/leonidashouses.com\/leonidas-ii-traditional-house-in-sparta\/","name":"Leonidas II Traditional House in Sparta - Leonidas Houses","isPartOf":{"@id":"https:\/\/leonidashouses.com\/#website"},"primaryImageOfPage":{"@id":"https:\/\/leonidashouses.com\/leonidas-ii-traditional-house-in-sparta\/#primaryimage"},"image":{"@id":"https:\/\/leonidashouses.com\/leonidas-ii-traditional-house-in-sparta\/#primaryimage"},"thumbnailUrl":"https:\/\/leonidashouses.com\/wp-content\/uploads\/2021\/08\/IMG_20210811_151756-1-1-1-scaled.jpg","datePublished":"2022-04-11T13:38:18+00:00","dateModified":"2022-04-11T14:58:20+00:00","breadcrumb":{"@id":"https:\/\/leonidashouses.com\/leonidas-ii-traditional-house-in-sparta\/#breadcrumb"},"inLanguage":"it-IT","potentialAction":[{"@type":"ReadAction","target":["https:\/\/leonidashouses.com\/leonidas-ii-traditional-house-in-sparta\/"]}]},{"@type":"ImageObject","inLanguage":"it-IT","@id":"https:\/\/leonidashouses.com\/leonidas-ii-traditional-house-in-sparta\/#primaryimage","url":"https:\/\/leonidashouses.com\/wp-content\/uploads\/2021\/08\/IMG_20210811_151756-1-1-1-scaled.jpg","contentUrl":"https:\/\/leonidashouses.com\/wp-content\/uploads\/2021\/08\/IMG_20210811_151756-1-1-1-scaled.jpg","width":2560,"height":1920,"caption":"Leonidas II Traditional House in Sparta"},{"@type":"BreadcrumbList","@id":"https:\/\/leonidashouses.com\/leonidas-ii-traditional-house-in-sparta\/#breadcrumb","itemListElement":[{"@type":"ListItem","position":1,"name":"Home","item":"https:\/\/leonidashouses.com\/it\/"},{"@type":"ListItem","position":2,"name":"Leonidas II Traditional House in Sparta"}]},{"@type":"WebSite","@id":"https:\/\/leonidashouses.com\/#website","url":"https:\/\/leonidashouses.com\/","name":"Leonidas Houses","description":"Best Accommodation in Sparta","potentialAction":[{"@type":"SearchAction","target":{"@type":"EntryPoint","urlTemplate":"https:\/\/leonidashouses.com\/?s={search_term_string}"},"query-input":{"@type":"PropertyValueSpecification","valueRequired":true,"valueName":"search_term_string"}}],"inLanguage":"it-IT"}]}},"_links":{"self":[{"href":"https:\/\/leonidashouses.com\/it\/wp-json\/wp\/v2\/pages\/1325","targetHints":{"allow":["GET"]}}],"collection":[{"href":"https:\/\/leonidashouses.com\/it\/wp-json\/wp\/v2\/pages"}],"about":[{"href":"https:\/\/leonidashouses.com\/it\/wp-json\/wp\/v2\/types\/page"}],"author":[{"embeddable":true,"href":"https:\/\/leonidashouses.com\/it\/wp-json\/wp\/v2\/users\/2"}],"replies":[{"embeddable":true,"href":"https:\/\/leonidashouses.com\/it\/wp-json\/wp\/v2\/comments?post=1325"}],"version-history":[{"count":2,"href":"https:\/\/leonidashouses.com\/it\/wp-json\/wp\/v2\/pages\/1325\/revisions"}],"predecessor-version":[{"id":1327,"href":"https:\/\/leonidashouses.com\/it\/wp-json\/wp\/v2\/pages\/1325\/revisions\/1327"}],"wp:featuredmedia":[{"embeddable":true,"href":"https:\/\/leonidashouses.com\/it\/wp-json\/wp\/v2\/media\/1080"}],"wp:attachment":[{"href":"https:\/\/leonidashouses.com\/it\/wp-json\/wp\/v2\/media?parent=1325"}],"curies":[{"name":"wp","href":"https:\/\/api.w.org\/{rel}","templated":true}]}}