{"id":1331,"date":"2022-04-11T13:30:49","date_gmt":"2022-04-11T13:30:49","guid":{"rendered":"https:\/\/leonidashouses.com\/leonidas-private-apartment-in-sparta\/"},"modified":"2022-04-11T15:02:18","modified_gmt":"2022-04-11T15:02:18","slug":"leonidas-private-apartment-in-sparta","status":"publish","type":"page","link":"https:\/\/leonidashouses.com\/fr\/leonidas-private-apartment-in-sparta\/","title":{"rendered":"Leonidas Private Apartment in Sparta"},"content":{"rendered":"<p>[vc_row][vc_column][rev_slider_vc alias=\u00a0\u00bbaccommodation-single\u00a0\u00bb]<div class=\"sohohotel-title3 sohohotel-title-color\"><h4>Room Description<\/h4><\/div>[vc_column_text]Un design magistral et moderne est incarn\u00e9 de mani\u00e8re unique dans cette grande maison \u00e0 \u00e9tage. Avec 2 lits king size, 1 lit semi-double, 1 canap\u00e9-lit, 1 salle de bain, une cuisine g\u00e9n\u00e9reuse et un grand salon, vous profiterez d&rsquo;un cadre parfait pour se d\u00e9tendre et se divertir. Il y a une cuisine enti\u00e8rement \u00e9quip\u00e9e avec une table de salle \u00e0 manger. Le salon a 1 grand canap\u00e9, TV LCD (32 \u00a0\u00bb). [\/vc_column_text][vc_tta_tabs][vc_tta_section title=\u00a0\u00bbAper\u00e7u de la chambre\u00a0\u00bb tab_id=\u00a0\u00bb1537784805224-44b90db2-280a\u00a0\u00bb][vc_column_text]<\/p>\n<table>\n<tbody>\n<tr>\n<td data-title=\"Column 1\"><i class=\"fa fa-wifi\"><\/i>Wifi gratuit<\/td>\n<td data-title=\"Column 1\"><i class=\"fa fa-car\"><\/i>Parking gratuit<\/td>\n<td data-title=\"Column 1\"><i class=\"fa fa-phone\">Machine \u00e0 laver<\/i><\/td>\n<\/tr>\n<tr>\n<td data-title=\"Column 2\"><i class=\"fa fa-support\"><\/i>Kitchenette<\/td>\n<td data-title=\"Column 2\"><i class=\"fa fa-car\"><\/i>Four micro onde<\/td>\n<td data-title=\"Column 2\"><i class=\"fa fa-thermometer-full\"><\/i>Chauffage<\/td>\n<\/tr>\n<tr>\n<td data-title=\"Column 3\"><i class=\"fa fa-snowflake-o\">Climatisation<\/i><\/td>\n<td data-title=\"Column 3\"><i class=\"fa fa-bell\">Flat-screen TV<\/i><\/td>\n<td data-title=\"Column 3\"><i class=\"fa fa-briefcase\"><\/i>Compartiment de bagage<\/td>\n<\/tr>\n<tr>\n<td data-title=\"Column 4\"><i class=\"fa fa-coffee\">Salle de bains priv\u00e9e<\/i><\/td>\n<td data-title=\"Column 4\"><i class=\"fa fa-glass\"><\/i>Lit King Size<\/td>\n<td data-title=\"Column 4\"><i class=\"fa fa-key\"><\/i>Salle \u00e0 manger<\/td>\n<\/tr>\n<\/tbody>\n<\/table>\n<p>[\/vc_column_text][\/vc_tta_section][vc_tta_section title=\u00a0\u00bbGalerie de photos\u00a0\u00bb tab_id=\u00a0\u00bb1497845035220-b8e9fd08-f3dd\u00a0\u00bb]<\/p>\n\n\t\t<div id='gallery-1' class='gallery galleryid-1331 gallery-columns-3 gallery-size-thumbnail'><div class='gallery-item'><div class='gallery-icon'><a href=\"https:\/\/leonidashouses.com\/wp-content\/uploads\/2021\/08\/Leonidas-private-appartment-in-sparta-tv.jpg\" data-gal=\"prettyPhoto[gallery-1]\" title=\"Leonidas-private-appartment-in-sparta-tv\"><img decoding=\"async\" src=\"https:\/\/leonidashouses.com\/wp-content\/uploads\/2021\/08\/Leonidas-private-appartment-in-sparta-tv.jpg\" alt=\"\" \/><\/a><\/div>\n\t\t\t\t<div class='wp-caption-text gallery-caption'>\n\t\t\t\tLeonidas Private Appartmen in Sparta\n\t\t\t\t<\/div><\/div><div class='gallery-item'><div class='gallery-icon'><a href=\"https:\/\/leonidashouses.com\/wp-content\/uploads\/2021\/08\/Leonidas-private-appartment-in-sparta-desk.jpg\" data-gal=\"prettyPhoto[gallery-1]\" title=\"Leonidas-private-appartment-in-sparta-desk\"><img decoding=\"async\" src=\"https:\/\/leonidashouses.com\/wp-content\/uploads\/2021\/08\/Leonidas-private-appartment-in-sparta-desk.jpg\" alt=\"\" \/><\/a><\/div>\n\t\t\t\t<div class='wp-caption-text gallery-caption'>\n\t\t\t\tLeonidas Private Appartmen in Sparta living room\n\t\t\t\t<\/div><\/div><div class='gallery-item'><div class='gallery-icon'><a href=\"https:\/\/leonidashouses.com\/wp-content\/uploads\/2021\/08\/Leonidas-private-appartment-in-sparta-livingroom-2.jpg\" data-gal=\"prettyPhoto[gallery-1]\" title=\"Leonidas-private-appartment-in-sparta-livingroom-2\"><img decoding=\"async\" src=\"https:\/\/leonidashouses.com\/wp-content\/uploads\/2021\/08\/Leonidas-private-appartment-in-sparta-livingroom-2.jpg\" alt=\"\" \/><\/a><\/div>\n\t\t\t\t<div class='wp-caption-text gallery-caption'>\n\t\t\t\tLeonidas Private Appartmen in Sparta livingroom\n\t\t\t\t<\/div><\/div><div class='gallery-item'><div class='gallery-icon'><a href=\"https:\/\/leonidashouses.com\/wp-content\/uploads\/2021\/08\/Leonidas-private-appartment-in-sparta-livingroom-1.jpg\" data-gal=\"prettyPhoto[gallery-1]\" title=\"Leonidas-private-appartment-in-sparta-livingroom-1\"><img decoding=\"async\" src=\"https:\/\/leonidashouses.com\/wp-content\/uploads\/2021\/08\/Leonidas-private-appartment-in-sparta-livingroom-1.jpg\" alt=\"\" \/><\/a><\/div>\n\t\t\t\t<div class='wp-caption-text gallery-caption'>\n\t\t\t\tLeonidas Private Appartmen in Sparta\n\t\t\t\t<\/div><\/div><div class='gallery-item'><div class='gallery-icon'><a href=\"https:\/\/leonidashouses.com\/wp-content\/uploads\/2021\/08\/Leonidas-private-appartment-in-sparta-bedroom-11.jpg\" data-gal=\"prettyPhoto[gallery-1]\" title=\"Leonidas-private-appartment-in-sparta-bedroom-11\"><img decoding=\"async\" src=\"https:\/\/leonidashouses.com\/wp-content\/uploads\/2021\/08\/Leonidas-private-appartment-in-sparta-bedroom-11.jpg\" alt=\"\" \/><\/a><\/div>\n\t\t\t\t<div class='wp-caption-text gallery-caption'>\n\t\t\t\tLeonidas Private Appartmen in Sparta Bedroom 2\n\t\t\t\t<\/div><\/div><div class='gallery-item'><div class='gallery-icon'><a href=\"https:\/\/leonidashouses.com\/wp-content\/uploads\/2021\/08\/Leonidas-private-appartment-in-sparta-bedroom-2.jpg\" data-gal=\"prettyPhoto[gallery-1]\" title=\"Leonidas-private-appartment-in-sparta-bedroom-2\"><img decoding=\"async\" src=\"https:\/\/leonidashouses.com\/wp-content\/uploads\/2021\/08\/Leonidas-private-appartment-in-sparta-bedroom-2.jpg\" alt=\"\" \/><\/a><\/div>\n\t\t\t\t<div class='wp-caption-text gallery-caption'>\n\t\t\t\tLeonidas Private Appartmen in Sparta Bed 1\n\t\t\t\t<\/div><\/div><div class='gallery-item'><div class='gallery-icon'><a href=\"https:\/\/leonidashouses.com\/wp-content\/uploads\/2021\/08\/Leonidas-private-appartment-in-sparta-kitchen.jpg\" data-gal=\"prettyPhoto[gallery-1]\" title=\"Leonidas-private-appartment-in-sparta-kitchen\"><img decoding=\"async\" src=\"https:\/\/leonidashouses.com\/wp-content\/uploads\/2021\/08\/Leonidas-private-appartment-in-sparta-kitchen.jpg\" alt=\"\" \/><\/a><\/div><\/div><div class='gallery-item'><div class='gallery-icon'><a href=\"https:\/\/leonidashouses.com\/wp-content\/uploads\/2021\/08\/Leonidas-private-appartment-in-sparta-bedrooma.jpg\" data-gal=\"prettyPhoto[gallery-1]\" title=\"Leonidas-private-appartment-in-sparta-bedrooma\"><img decoding=\"async\" src=\"https:\/\/leonidashouses.com\/wp-content\/uploads\/2021\/08\/Leonidas-private-appartment-in-sparta-bedrooma.jpg\" alt=\"\" \/><\/a><\/div>\n\t\t\t\t<div class='wp-caption-text gallery-caption'>\n\t\t\t\tLeonidas Private Appartmen in Sparta Bedroom 2\n\t\t\t\t<\/div><\/div><div class='gallery-item'><div class='gallery-icon'><a href=\"https:\/\/leonidashouses.com\/wp-content\/uploads\/2021\/08\/private-appartment-in-sparta.jpg\" data-gal=\"prettyPhoto[gallery-1]\" title=\"private-appartment-in-sparta\"><img decoding=\"async\" src=\"https:\/\/leonidashouses.com\/wp-content\/uploads\/2021\/08\/private-appartment-in-sparta.jpg\" alt=\"\" \/><\/a><\/div>\n\t\t\t\t<div class='wp-caption-text gallery-caption'>\n\t\t\t\tLeonidas Private Appartmen in Sparta\n\t\t\t\t<\/div><\/div><div class='gallery-item'><div class='gallery-icon'><a href=\"https:\/\/leonidashouses.com\/wp-content\/uploads\/2021\/08\/Leonidas-private-appartment-in-sparta-bedroom-3.jpg\" data-gal=\"prettyPhoto[gallery-1]\" title=\"Leonidas-private-appartment-in-sparta-bedroom-3\"><img decoding=\"async\" src=\"https:\/\/leonidashouses.com\/wp-content\/uploads\/2021\/08\/Leonidas-private-appartment-in-sparta-bedroom-3.jpg\" alt=\"\" \/><\/a><\/div>\n\t\t\t\t<div class='wp-caption-text gallery-caption'>\n\t\t\t\tLeonidas Private Appartmen in Sparta Bedroom 3\n\t\t\t\t<\/div><\/div><div class='gallery-item'><div class='gallery-icon'><a href=\"https:\/\/leonidashouses.com\/wp-content\/uploads\/2021\/08\/private-appartment-in-sparta-library.jpg\" data-gal=\"prettyPhoto[gallery-1]\" title=\"private-appartment-in-sparta-library\"><img decoding=\"async\" src=\"https:\/\/leonidashouses.com\/wp-content\/uploads\/2021\/08\/private-appartment-in-sparta-library.jpg\" alt=\"\" \/><\/a><\/div>\n\t\t\t\t<div class='wp-caption-text gallery-caption'>\n\t\t\t\tLeonidas Private Appartmen in Sparta Library\n\t\t\t\t<\/div><\/div>\n\t\t\t<br style='clear: both;' \/>\n\t\t<\/div>\n\n<p>[\/vc_tta_section][\/vc_tta_tabs][\/vc_column][\/vc_row]<\/p>\n","protected":false},"excerpt":{"rendered":"<p>[vc_row][vc_column][rev_slider_vc alias=\u00a0\u00bbaccommodation-single\u00a0\u00bb][vc_column_text]Un design magistral et moderne est incarn\u00e9 de mani\u00e8re unique dans cette grande maison \u00e0 \u00e9tage. Avec 2 lits king size, 1 lit semi-double, 1 canap\u00e9-lit, 1 salle de bain, une cuisine g\u00e9n\u00e9reuse et un grand salon, vous profiterez d&rsquo;un cadre parfait pour se d\u00e9tendre et se divertir. Il y a une cuisine enti\u00e8rement<\/p>\n<a href=\"https:\/\/leonidashouses.com\/fr\/leonidas-private-apartment-in-sparta\/\" class=\"sohohotel-more-link\">Read More<i class=\"fa fa-angle-right\"><\/i><\/a>","protected":false},"author":2,"featured_media":0,"parent":0,"menu_order":0,"comment_status":"closed","ping_status":"closed","template":"","meta":{"footnotes":""},"class_list":["post-1331","page","type-page","status-publish","hentry"],"yoast_head":"<!-- This site is optimized with the Yoast SEO plugin v23.9 - https:\/\/yoast.com\/wordpress\/plugins\/seo\/ -->\n<title>Leonidas Private Apartment in Sparta - Leonidas Houses<\/title>\n<meta name=\"robots\" content=\"index, follow, max-snippet:-1, max-image-preview:large, max-video-preview:-1\" \/>\n<link rel=\"canonical\" href=\"https:\/\/leonidashouses.com\/leonidas-private-apartment-in-sparta\/\" \/>\n<meta property=\"og:locale\" content=\"fr_FR\" \/>\n<meta property=\"og:type\" content=\"article\" \/>\n<meta property=\"og:title\" content=\"Leonidas Private Apartment in Sparta - Leonidas Houses\" \/>\n<meta property=\"og:description\" content=\"[vc_row][vc_column][rev_slider_vc alias=\u00a0\u00bbaccommodation-single\u00a0\u00bb][vc_column_text]Un design magistral et moderne est incarn\u00e9 de mani\u00e8re unique dans cette grande maison \u00e0 \u00e9tage. Avec 2 lits king size, 1 lit semi-double, 1 canap\u00e9-lit, 1 salle de bain, une cuisine g\u00e9n\u00e9reuse et un grand salon, vous profiterez d&rsquo;un cadre parfait pour se d\u00e9tendre et se divertir. Il y a une cuisine enti\u00e8rement\" \/>\n<meta property=\"og:url\" content=\"https:\/\/leonidashouses.com\/leonidas-private-apartment-in-sparta\/\" \/>\n<meta property=\"og:site_name\" content=\"Leonidas Houses\" \/>\n<meta property=\"article:modified_time\" content=\"2022-04-11T15:02:18+00:00\" \/>\n<meta property=\"og:image\" content=\"https:\/\/leonidashouses.com\/wp-content\/uploads\/2021\/08\/Leonidas-private-appartment-in-sparta-tv.jpg\" \/>\n<meta name=\"twitter:card\" content=\"summary_large_image\" \/>\n<meta name=\"twitter:label1\" content=\"Dur\u00e9e de lecture estim\u00e9e\" \/>\n\t<meta name=\"twitter:data1\" content=\"1 minute\" \/>\n<script type=\"application\/ld+json\" class=\"yoast-schema-graph\">{\"@context\":\"https:\/\/schema.org\",\"@graph\":[{\"@type\":\"WebPage\",\"@id\":\"https:\/\/leonidashouses.com\/leonidas-private-apartment-in-sparta\/\",\"url\":\"https:\/\/leonidashouses.com\/leonidas-private-apartment-in-sparta\/\",\"name\":\"Leonidas Private Apartment in Sparta - Leonidas Houses\",\"isPartOf\":{\"@id\":\"https:\/\/leonidashouses.com\/#website\"},\"datePublished\":\"2022-04-11T13:30:49+00:00\",\"dateModified\":\"2022-04-11T15:02:18+00:00\",\"breadcrumb\":{\"@id\":\"https:\/\/leonidashouses.com\/leonidas-private-apartment-in-sparta\/#breadcrumb\"},\"inLanguage\":\"fr-FR\",\"potentialAction\":[{\"@type\":\"ReadAction\",\"target\":[\"https:\/\/leonidashouses.com\/leonidas-private-apartment-in-sparta\/\"]}]},{\"@type\":\"BreadcrumbList\",\"@id\":\"https:\/\/leonidashouses.com\/leonidas-private-apartment-in-sparta\/#breadcrumb\",\"itemListElement\":[{\"@type\":\"ListItem\",\"position\":1,\"name\":\"Home\",\"item\":\"https:\/\/leonidashouses.com\/\"},{\"@type\":\"ListItem\",\"position\":2,\"name\":\"Leonidas Private Apartment in Sparta\"}]},{\"@type\":\"WebSite\",\"@id\":\"https:\/\/leonidashouses.com\/#website\",\"url\":\"https:\/\/leonidashouses.com\/\",\"name\":\"Leonidas Houses\",\"description\":\"Best Accommodation in Sparta\",\"potentialAction\":[{\"@type\":\"SearchAction\",\"target\":{\"@type\":\"EntryPoint\",\"urlTemplate\":\"https:\/\/leonidashouses.com\/?s={search_term_string}\"},\"query-input\":{\"@type\":\"PropertyValueSpecification\",\"valueRequired\":true,\"valueName\":\"search_term_string\"}}],\"inLanguage\":\"fr-FR\"}]}<\/script>\n<!-- \/ Yoast SEO plugin. -->","yoast_head_json":{"title":"Leonidas Private Apartment in Sparta - Leonidas Houses","robots":{"index":"index","follow":"follow","max-snippet":"max-snippet:-1","max-image-preview":"max-image-preview:large","max-video-preview":"max-video-preview:-1"},"canonical":"https:\/\/leonidashouses.com\/leonidas-private-apartment-in-sparta\/","og_locale":"fr_FR","og_type":"article","og_title":"Leonidas Private Apartment in Sparta - Leonidas Houses","og_description":"[vc_row][vc_column][rev_slider_vc alias=\u00a0\u00bbaccommodation-single\u00a0\u00bb][vc_column_text]Un design magistral et moderne est incarn\u00e9 de mani\u00e8re unique dans cette grande maison \u00e0 \u00e9tage. Avec 2 lits king size, 1 lit semi-double, 1 canap\u00e9-lit, 1 salle de bain, une cuisine g\u00e9n\u00e9reuse et un grand salon, vous profiterez d&rsquo;un cadre parfait pour se d\u00e9tendre et se divertir. Il y a une cuisine enti\u00e8rement","og_url":"https:\/\/leonidashouses.com\/leonidas-private-apartment-in-sparta\/","og_site_name":"Leonidas Houses","article_modified_time":"2022-04-11T15:02:18+00:00","og_image":[{"url":"https:\/\/leonidashouses.com\/wp-content\/uploads\/2021\/08\/Leonidas-private-appartment-in-sparta-tv.jpg"}],"twitter_card":"summary_large_image","twitter_misc":{"Dur\u00e9e de lecture estim\u00e9e":"1 minute"},"schema":{"@context":"https:\/\/schema.org","@graph":[{"@type":"WebPage","@id":"https:\/\/leonidashouses.com\/leonidas-private-apartment-in-sparta\/","url":"https:\/\/leonidashouses.com\/leonidas-private-apartment-in-sparta\/","name":"Leonidas Private Apartment in Sparta - Leonidas Houses","isPartOf":{"@id":"https:\/\/leonidashouses.com\/#website"},"datePublished":"2022-04-11T13:30:49+00:00","dateModified":"2022-04-11T15:02:18+00:00","breadcrumb":{"@id":"https:\/\/leonidashouses.com\/leonidas-private-apartment-in-sparta\/#breadcrumb"},"inLanguage":"fr-FR","potentialAction":[{"@type":"ReadAction","target":["https:\/\/leonidashouses.com\/leonidas-private-apartment-in-sparta\/"]}]},{"@type":"BreadcrumbList","@id":"https:\/\/leonidashouses.com\/leonidas-private-apartment-in-sparta\/#breadcrumb","itemListElement":[{"@type":"ListItem","position":1,"name":"Home","item":"https:\/\/leonidashouses.com\/"},{"@type":"ListItem","position":2,"name":"Leonidas Private Apartment in Sparta"}]},{"@type":"WebSite","@id":"https:\/\/leonidashouses.com\/#website","url":"https:\/\/leonidashouses.com\/","name":"Leonidas Houses","description":"Best Accommodation in Sparta","potentialAction":[{"@type":"SearchAction","target":{"@type":"EntryPoint","urlTemplate":"https:\/\/leonidashouses.com\/?s={search_term_string}"},"query-input":{"@type":"PropertyValueSpecification","valueRequired":true,"valueName":"search_term_string"}}],"inLanguage":"fr-FR"}]}},"_links":{"self":[{"href":"https:\/\/leonidashouses.com\/fr\/wp-json\/wp\/v2\/pages\/1331","targetHints":{"allow":["GET"]}}],"collection":[{"href":"https:\/\/leonidashouses.com\/fr\/wp-json\/wp\/v2\/pages"}],"about":[{"href":"https:\/\/leonidashouses.com\/fr\/wp-json\/wp\/v2\/types\/page"}],"author":[{"embeddable":true,"href":"https:\/\/leonidashouses.com\/fr\/wp-json\/wp\/v2\/users\/2"}],"replies":[{"embeddable":true,"href":"https:\/\/leonidashouses.com\/fr\/wp-json\/wp\/v2\/comments?post=1331"}],"version-history":[{"count":2,"href":"https:\/\/leonidashouses.com\/fr\/wp-json\/wp\/v2\/pages\/1331\/revisions"}],"predecessor-version":[{"id":1333,"href":"https:\/\/leonidashouses.com\/fr\/wp-json\/wp\/v2\/pages\/1331\/revisions\/1333"}],"wp:attachment":[{"href":"https:\/\/leonidashouses.com\/fr\/wp-json\/wp\/v2\/media?parent=1331"}],"curies":[{"name":"wp","href":"https:\/\/api.w.org\/{rel}","templated":true}]}}