{"id":1322,"date":"2022-04-11T13:38:18","date_gmt":"2022-04-11T13:38:18","guid":{"rendered":"https:\/\/leonidashouses.com\/leonidas-ii-traditional-house-in-sparta\/"},"modified":"2022-04-11T14:55:26","modified_gmt":"2022-04-11T14:55:26","slug":"leonidas-ii-traditional-house-in-sparta","status":"publish","type":"page","link":"https:\/\/leonidashouses.com\/fr\/leonidas-ii-traditional-house-in-sparta\/","title":{"rendered":"Leonidas II Traditional House in Sparta"},"content":{"rendered":"<p>[vc_row][vc_column][rev_slider_vc alias=\u00a0\u00bbSlider-1&Prime;][vc_column_text]Ce charmant appartement avec jardin privatif est ouvert, a\u00e9r\u00e9, lumineux et gai. Il peut accueillir 5 personnes. Il comprend un salon confortable avec une t\u00e9l\u00e9vision LCD (32\u00a0\u00bb) avec de grandes fen\u00eatres afin de profiter du soleil pendant la journ\u00e9e. La cuisine est enti\u00e8rement \u00e9quip\u00e9e avec une belle table \u00e0 manger. La salle de bain a toutes les commodit\u00e9s, y compris une machine \u00e0 laver. Il y a un jardin priv\u00e9 avec table et chaises \u00e0 l&rsquo;avant de l&rsquo;appartement o\u00f9 vous pourrez vous d\u00e9tendre et profiter de l&rsquo;odeur de nos belles fleurs. Il y a aussi un garage priv\u00e9 o\u00f9 vous pouvez garer votre voiture en toute s\u00e9curit\u00e9[\/vc_column_text][vc_tta_tabs][vc_tta_section title=\u00a0\u00bbAper\u00e7u de la chambre\u00a0\u00bb tab_id=\u00a0\u00bb1497845103207-f0b392b5-8c96&Prime;][vc_column_text]<\/p>\n<div class=\"table-wrapper\">\n<table>\n<tbody>\n<tr>\n<td data-title=\"Column 1\"><i class=\"fa fa-wifi\"><\/i>Wifi gratuit<\/td>\n<td data-title=\"Column 1\"><i class=\"fa fa-car\"><\/i>Parking gratuit<\/td>\n<td data-title=\"Column 1\"><i class=\"fa fa-phone\">Machine \u00e0 laver<\/i><\/td>\n<\/tr>\n<tr>\n<td data-title=\"Column 2\"><i class=\"fa fa-support\"><\/i>Kitchenette<\/td>\n<td data-title=\"Column 2\"><i class=\"fa fa-car\"><\/i>Four micro onde<\/td>\n<td data-title=\"Column 2\"><i class=\"fa fa-thermometer-full\"><\/i>Chauffage<\/td>\n<\/tr>\n<tr>\n<td data-title=\"Column 3\"><i class=\"fa fa-snowflake-o\">Climatisation<\/i><\/td>\n<td data-title=\"Column 3\"><i class=\"fa fa-bell\">Flat-screen TV<\/i><\/td>\n<td data-title=\"Column 3\"><i class=\"fa fa-briefcase\"><\/i>Compartiment de bagage<\/td>\n<\/tr>\n<tr>\n<td data-title=\"Column 4\"><i class=\"fa fa-coffee\">Salle de bains priv\u00e9e<\/i><\/td>\n<td data-title=\"Column 4\"><i class=\"fa fa-glass\"><\/i>Lit King Size<\/td>\n<td data-title=\"Column 4\"><i class=\"fa fa-key\"><\/i>Salle \u00e0 manger<\/td>\n<\/tr>\n<\/tbody>\n<\/table>\n<\/div>\n<p>[\/vc_column_text][\/vc_tta_section][vc_tta_section title=\u00a0\u00bbGalerie de photos\u00a0\u00bb tab_id=\u00a0\u00bb1497845035220-b8e9fd08-f3dd\u00a0\u00bb]<\/p>\n\n\t\t<div id='gallery-1' class='gallery galleryid-1322 gallery-columns-3 gallery-size-thumbnail'><div class='gallery-item'><div class='gallery-icon'><a href=\"https:\/\/leonidashouses.com\/wp-content\/uploads\/2022\/02\/leonidas-II-traditional-house-in-Sparta-out.jpg\" data-gal=\"prettyPhoto[gallery-1]\" title=\"leonidas-II-traditional-house-in-Sparta-out\"><img decoding=\"async\" src=\"https:\/\/leonidashouses.com\/wp-content\/uploads\/2022\/02\/leonidas-II-traditional-house-in-Sparta-out.jpg\" alt=\"\" \/><\/a><\/div>\n\t\t\t\t<div class='wp-caption-text gallery-caption'>\n\t\t\t\tleonidas-II-traditional-house-in-Sparta-entrance\n\t\t\t\t<\/div><\/div><div class='gallery-item'><div class='gallery-icon'><a href=\"https:\/\/leonidashouses.com\/wp-content\/uploads\/2022\/02\/leonidas-II-traditional-house-in-Sparta-entrance.jpg\" data-gal=\"prettyPhoto[gallery-1]\" title=\"leonidas-II-traditional-house-in-Sparta-entrance\"><img decoding=\"async\" src=\"https:\/\/leonidashouses.com\/wp-content\/uploads\/2022\/02\/leonidas-II-traditional-house-in-Sparta-entrance.jpg\" alt=\"\" \/><\/a><\/div>\n\t\t\t\t<div class='wp-caption-text gallery-caption'>\n\t\t\t\tleonidas-II-traditional-house-in-Sparta-entrance\n\t\t\t\t<\/div><\/div><div class='gallery-item'><div class='gallery-icon'><a href=\"https:\/\/leonidashouses.com\/wp-content\/uploads\/2022\/01\/Leonidas-II-Traditional-House-in-Sparta-Living-Room-2-scaled.jpg\" data-gal=\"prettyPhoto[gallery-1]\" title=\"Leonidas II Traditional House in Sparta Living Room 2\"><img decoding=\"async\" src=\"https:\/\/leonidashouses.com\/wp-content\/uploads\/2022\/01\/Leonidas-II-Traditional-House-in-Sparta-Living-Room-2-scaled.jpg\" alt=\"\" \/><\/a><\/div>\n\t\t\t\t<div class='wp-caption-text gallery-caption'>\n\t\t\t\tLeonidas II Traditional House in Sparta Living Room 2\n\t\t\t\t<\/div><\/div><div class='gallery-item'><div class='gallery-icon'><a href=\"https:\/\/leonidashouses.com\/wp-content\/uploads\/2022\/01\/Leonidas-II-Traditional-House-in-Sparta-Living-Room-3-scaled.jpg\" data-gal=\"prettyPhoto[gallery-1]\" title=\"Leonidas II Traditional House in Sparta Living Room 3\"><img decoding=\"async\" src=\"https:\/\/leonidashouses.com\/wp-content\/uploads\/2022\/01\/Leonidas-II-Traditional-House-in-Sparta-Living-Room-3-scaled.jpg\" alt=\"\" \/><\/a><\/div>\n\t\t\t\t<div class='wp-caption-text gallery-caption'>\n\t\t\t\tLeonidas II Traditional House in Sparta Living Room 3\n\t\t\t\t<\/div><\/div><div class='gallery-item'><div class='gallery-icon'><a href=\"https:\/\/leonidashouses.com\/wp-content\/uploads\/2022\/01\/Leonidas-II-Traditional-House-in-Sparta-Bathroom-scaled.jpg\" data-gal=\"prettyPhoto[gallery-1]\" title=\"Leonidas II Traditional House in Sparta Bathroom\"><img decoding=\"async\" src=\"https:\/\/leonidashouses.com\/wp-content\/uploads\/2022\/01\/Leonidas-II-Traditional-House-in-Sparta-Bathroom-scaled.jpg\" alt=\"\" \/><\/a><\/div>\n\t\t\t\t<div class='wp-caption-text gallery-caption'>\n\t\t\t\tLeonidas II Traditional House in Sparta Bathroom\n\t\t\t\t<\/div><\/div><div class='gallery-item'><div class='gallery-icon'><a href=\"https:\/\/leonidashouses.com\/wp-content\/uploads\/2022\/01\/Leonidas-II-Traditional-House-in-Sparta-Bathrrom-scaled.jpg\" data-gal=\"prettyPhoto[gallery-1]\" title=\"Leonidas II Traditional House in Sparta Bathrrom\"><img decoding=\"async\" src=\"https:\/\/leonidashouses.com\/wp-content\/uploads\/2022\/01\/Leonidas-II-Traditional-House-in-Sparta-Bathrrom-scaled.jpg\" alt=\"\" \/><\/a><\/div>\n\t\t\t\t<div class='wp-caption-text gallery-caption'>\n\t\t\t\tLeonidas II Traditional House in Sparta Bathrrom\n\t\t\t\t<\/div><\/div><div class='gallery-item'><div class='gallery-icon'><a href=\"https:\/\/leonidashouses.com\/wp-content\/uploads\/2022\/01\/Leonidas-II-Traditional-House-in-Sparta-Kitchen-scaled.jpg\" data-gal=\"prettyPhoto[gallery-1]\" title=\"Leonidas II Traditional House in Sparta Kitchen\"><img decoding=\"async\" src=\"https:\/\/leonidashouses.com\/wp-content\/uploads\/2022\/01\/Leonidas-II-Traditional-House-in-Sparta-Kitchen-scaled.jpg\" alt=\"\" \/><\/a><\/div>\n\t\t\t\t<div class='wp-caption-text gallery-caption'>\n\t\t\t\tLeonidas II Traditional House in Sparta Kitchen\n\t\t\t\t<\/div><\/div><div class='gallery-item'><div class='gallery-icon'><a href=\"https:\/\/leonidashouses.com\/wp-content\/uploads\/2022\/01\/Leonidas-II-Traditional-House-in-Sparta-Kitchen-Side-View-scaled.jpg\" data-gal=\"prettyPhoto[gallery-1]\" title=\"Leonidas II Traditional House in Sparta Kitchen Side View\"><img decoding=\"async\" src=\"https:\/\/leonidashouses.com\/wp-content\/uploads\/2022\/01\/Leonidas-II-Traditional-House-in-Sparta-Kitchen-Side-View-scaled.jpg\" alt=\"\" \/><\/a><\/div>\n\t\t\t\t<div class='wp-caption-text gallery-caption'>\n\t\t\t\tLeonidas II Traditional House in Sparta Kitchen Side View\n\t\t\t\t<\/div><\/div><div class='gallery-item'><div class='gallery-icon'><a href=\"https:\/\/leonidashouses.com\/wp-content\/uploads\/2022\/01\/Leonidas-II-Traditional-House-in-Sparta-bedroom-one-2-scaled.jpg\" data-gal=\"prettyPhoto[gallery-1]\" title=\"Leonidas II Traditional House in Sparta bedroom one -2\"><img decoding=\"async\" src=\"https:\/\/leonidashouses.com\/wp-content\/uploads\/2022\/01\/Leonidas-II-Traditional-House-in-Sparta-bedroom-one-2-scaled.jpg\" alt=\"\" \/><\/a><\/div>\n\t\t\t\t<div class='wp-caption-text gallery-caption'>\n\t\t\t\tLeonidas II Traditional House in Sparta bedroom one -2\n\t\t\t\t<\/div><\/div><div class='gallery-item'><div class='gallery-icon'><a href=\"https:\/\/leonidashouses.com\/wp-content\/uploads\/2022\/01\/Leonidas-II-Traditional-House-in-Sparta-Kitchen-Full-View-scaled.jpg\" data-gal=\"prettyPhoto[gallery-1]\" title=\"Leonidas II Traditional House in Sparta Kitchen Full View\"><img decoding=\"async\" src=\"https:\/\/leonidashouses.com\/wp-content\/uploads\/2022\/01\/Leonidas-II-Traditional-House-in-Sparta-Kitchen-Full-View-scaled.jpg\" alt=\"\" \/><\/a><\/div>\n\t\t\t\t<div class='wp-caption-text gallery-caption'>\n\t\t\t\tLeonidas II Traditional House in Sparta Kitchen Full View\n\t\t\t\t<\/div><\/div><div class='gallery-item'><div class='gallery-icon'><a href=\"https:\/\/leonidashouses.com\/wp-content\/uploads\/2022\/01\/Leonidas-II-Traditional-House-in-Sparta-Kitchen-Full-View-2-scaled.jpg\" data-gal=\"prettyPhoto[gallery-1]\" title=\"Leonidas II Traditional House in Sparta Kitchen Full View 2\"><img decoding=\"async\" src=\"https:\/\/leonidashouses.com\/wp-content\/uploads\/2022\/01\/Leonidas-II-Traditional-House-in-Sparta-Kitchen-Full-View-2-scaled.jpg\" alt=\"\" \/><\/a><\/div>\n\t\t\t\t<div class='wp-caption-text gallery-caption'>\n\t\t\t\tLeonidas II Traditional House in Sparta Kitchen Full View 2\n\t\t\t\t<\/div><\/div><div class='gallery-item'><div class='gallery-icon'><a href=\"https:\/\/leonidashouses.com\/wp-content\/uploads\/2022\/01\/Leonidas-II-Traditional-House-in-Sparta-Kitchen-Front-View-scaled.jpg\" data-gal=\"prettyPhoto[gallery-1]\" title=\"Leonidas II Traditional House in Sparta Kitchen Front View\"><img decoding=\"async\" src=\"https:\/\/leonidashouses.com\/wp-content\/uploads\/2022\/01\/Leonidas-II-Traditional-House-in-Sparta-Kitchen-Front-View-scaled.jpg\" alt=\"\" \/><\/a><\/div>\n\t\t\t\t<div class='wp-caption-text gallery-caption'>\n\t\t\t\tLeonidas II Traditional House in Sparta Kitchen Front View\n\t\t\t\t<\/div><\/div><div class='gallery-item'><div class='gallery-icon'><a href=\"https:\/\/leonidashouses.com\/wp-content\/uploads\/2022\/01\/Leonidas-II-Traditional-House-in-Sparta-Bedroom-one-3-scaled.jpg\" data-gal=\"prettyPhoto[gallery-1]\" title=\"Leonidas II Traditional House in Sparta Bedroom one 3\"><img decoding=\"async\" src=\"https:\/\/leonidashouses.com\/wp-content\/uploads\/2022\/01\/Leonidas-II-Traditional-House-in-Sparta-Bedroom-one-3-scaled.jpg\" alt=\"\" \/><\/a><\/div>\n\t\t\t\t<div class='wp-caption-text gallery-caption'>\n\t\t\t\tLeonidas II Traditional House in Sparta Bedroom one 3\n\t\t\t\t<\/div><\/div><div class='gallery-item'><div class='gallery-icon'><a href=\"https:\/\/leonidashouses.com\/wp-content\/uploads\/2022\/01\/Leonidas-II-Traditional-House-in-Sparta-bedroom-one-scaled.jpg\" data-gal=\"prettyPhoto[gallery-1]\" title=\"Leonidas II Traditional House in Sparta bedroom one\"><img decoding=\"async\" src=\"https:\/\/leonidashouses.com\/wp-content\/uploads\/2022\/01\/Leonidas-II-Traditional-House-in-Sparta-bedroom-one-scaled.jpg\" alt=\"\" \/><\/a><\/div>\n\t\t\t\t<div class='wp-caption-text gallery-caption'>\n\t\t\t\tLeonidas II Traditional House in Sparta bedroom one\n\t\t\t\t<\/div><\/div><div class='gallery-item'><div class='gallery-icon'><a href=\"https:\/\/leonidashouses.com\/wp-content\/uploads\/2022\/01\/Leonidas-II-Traditional-House-in-Sparta-bedroom-two-scaled.jpg\" data-gal=\"prettyPhoto[gallery-1]\" title=\"Leonidas II Traditional House in Sparta bedroom two\"><img decoding=\"async\" src=\"https:\/\/leonidashouses.com\/wp-content\/uploads\/2022\/01\/Leonidas-II-Traditional-House-in-Sparta-bedroom-two-scaled.jpg\" alt=\"\" \/><\/a><\/div>\n\t\t\t\t<div class='wp-caption-text gallery-caption'>\n\t\t\t\tLeonidas II Traditional House in Sparta bedroom two\n\t\t\t\t<\/div><\/div><div class='gallery-item'><div class='gallery-icon'><a href=\"https:\/\/leonidashouses.com\/wp-content\/uploads\/2022\/02\/Leonidas-2-traditional-house-in-sparta-bedroom.png\" data-gal=\"prettyPhoto[gallery-1]\" title=\"Leonidas-2-traditional-house-in-sparta-bedroom\"><img decoding=\"async\" src=\"https:\/\/leonidashouses.com\/wp-content\/uploads\/2022\/02\/Leonidas-2-traditional-house-in-sparta-bedroom.png\" alt=\"\" \/><\/a><\/div>\n\t\t\t\t<div class='wp-caption-text gallery-caption'>\n\t\t\t\tLeonidas-2-traditional-house-in-sparta-bedroom\n\t\t\t\t<\/div><\/div><div class='gallery-item'><div class='gallery-icon'><a href=\"https:\/\/leonidashouses.com\/wp-content\/uploads\/2022\/02\/Leonidas-2-traditional-house-in-sparta-outside.png\" data-gal=\"prettyPhoto[gallery-1]\" title=\"Leonidas-2-traditional-house-in-sparta-outside\"><img decoding=\"async\" src=\"https:\/\/leonidashouses.com\/wp-content\/uploads\/2022\/02\/Leonidas-2-traditional-house-in-sparta-outside.png\" alt=\"\" \/><\/a><\/div>\n\t\t\t\t<div class='wp-caption-text gallery-caption'>\n\t\t\t\tLeonidas-2-traditional-house-in-sparta-outside\n\t\t\t\t<\/div><\/div><div class='gallery-item'><div class='gallery-icon'><a href=\"https:\/\/leonidashouses.com\/wp-content\/uploads\/2022\/02\/Leonidas-2-traditional-house-in-sparta-inside.png\" data-gal=\"prettyPhoto[gallery-1]\" title=\"Leonidas-2-traditional-house-in-sparta-inside\"><img decoding=\"async\" src=\"https:\/\/leonidashouses.com\/wp-content\/uploads\/2022\/02\/Leonidas-2-traditional-house-in-sparta-inside.png\" alt=\"\" \/><\/a><\/div>\n\t\t\t\t<div class='wp-caption-text gallery-caption'>\n\t\t\t\tLeonidas-2-traditional-house-in-sparta-inside\n\t\t\t\t<\/div><\/div>\n\t\t\t<br style='clear: both;' \/>\n\t\t<\/div>\n\n<p>[\/vc_tta_section][\/vc_tta_tabs][\/vc_column][vc_column][\/vc_column][\/vc_row]<\/p>\n","protected":false},"excerpt":{"rendered":"<p>[vc_row][vc_column][rev_slider_vc alias=\u00a0\u00bbSlider-1&Prime;][vc_column_text]Ce charmant appartement avec jardin privatif est ouvert, a\u00e9r\u00e9, lumineux et gai. Il peut accueillir 5 personnes. Il comprend un salon confortable avec une t\u00e9l\u00e9vision LCD (32\u00a0\u00bb) avec de grandes fen\u00eatres afin de profiter du soleil pendant la journ\u00e9e. La cuisine est enti\u00e8rement \u00e9quip\u00e9e avec une belle table \u00e0 manger. La salle de bain<\/p>\n<a href=\"https:\/\/leonidashouses.com\/fr\/leonidas-ii-traditional-house-in-sparta\/\" class=\"sohohotel-more-link\">Read More<i class=\"fa fa-angle-right\"><\/i><\/a>","protected":false},"author":2,"featured_media":1078,"parent":0,"menu_order":0,"comment_status":"closed","ping_status":"closed","template":"","meta":{"footnotes":""},"class_list":["post-1322","page","type-page","status-publish","has-post-thumbnail","hentry"],"yoast_head":"<!-- This site is optimized with the Yoast SEO plugin v23.9 - https:\/\/yoast.com\/wordpress\/plugins\/seo\/ -->\n<title>Leonidas II Traditional House in Sparta - Leonidas Houses<\/title>\n<meta name=\"robots\" content=\"index, follow, max-snippet:-1, max-image-preview:large, max-video-preview:-1\" \/>\n<link rel=\"canonical\" href=\"https:\/\/leonidashouses.com\/leonidas-ii-traditional-house-in-sparta\/\" \/>\n<meta property=\"og:locale\" content=\"fr_FR\" \/>\n<meta property=\"og:type\" content=\"article\" \/>\n<meta property=\"og:title\" content=\"Leonidas II Traditional House in Sparta - Leonidas Houses\" \/>\n<meta property=\"og:description\" content=\"[vc_row][vc_column][rev_slider_vc alias=\u00a0\u00bbSlider-1&Prime;][vc_column_text]Ce charmant appartement avec jardin privatif est ouvert, a\u00e9r\u00e9, lumineux et gai. Il peut accueillir 5 personnes. Il comprend un salon confortable avec une t\u00e9l\u00e9vision LCD (32\u00a0\u00bb) avec de grandes fen\u00eatres afin de profiter du soleil pendant la journ\u00e9e. La cuisine est enti\u00e8rement \u00e9quip\u00e9e avec une belle table \u00e0 manger. La salle de bain\" \/>\n<meta property=\"og:url\" content=\"https:\/\/leonidashouses.com\/leonidas-ii-traditional-house-in-sparta\/\" \/>\n<meta property=\"og:site_name\" content=\"Leonidas Houses\" \/>\n<meta property=\"article:modified_time\" content=\"2022-04-11T14:55:26+00:00\" \/>\n<meta property=\"og:image\" content=\"https:\/\/leonidashouses.com\/wp-content\/uploads\/2021\/08\/IMG_20210811_151756-1-1-1-scaled.jpg\" \/>\n\t<meta property=\"og:image:width\" content=\"2560\" \/>\n\t<meta property=\"og:image:height\" content=\"1920\" \/>\n\t<meta property=\"og:image:type\" content=\"image\/jpeg\" \/>\n<meta name=\"twitter:card\" content=\"summary_large_image\" \/>\n<meta name=\"twitter:label1\" content=\"Dur\u00e9e de lecture estim\u00e9e\" \/>\n\t<meta name=\"twitter:data1\" content=\"1 minute\" \/>\n<script type=\"application\/ld+json\" class=\"yoast-schema-graph\">{\"@context\":\"https:\/\/schema.org\",\"@graph\":[{\"@type\":\"WebPage\",\"@id\":\"https:\/\/leonidashouses.com\/leonidas-ii-traditional-house-in-sparta\/\",\"url\":\"https:\/\/leonidashouses.com\/leonidas-ii-traditional-house-in-sparta\/\",\"name\":\"Leonidas II Traditional House in Sparta - Leonidas Houses\",\"isPartOf\":{\"@id\":\"https:\/\/leonidashouses.com\/#website\"},\"primaryImageOfPage\":{\"@id\":\"https:\/\/leonidashouses.com\/leonidas-ii-traditional-house-in-sparta\/#primaryimage\"},\"image\":{\"@id\":\"https:\/\/leonidashouses.com\/leonidas-ii-traditional-house-in-sparta\/#primaryimage\"},\"thumbnailUrl\":\"https:\/\/leonidashouses.com\/wp-content\/uploads\/2021\/08\/IMG_20210811_151756-1-1-1-scaled.jpg\",\"datePublished\":\"2022-04-11T13:38:18+00:00\",\"dateModified\":\"2022-04-11T14:55:26+00:00\",\"breadcrumb\":{\"@id\":\"https:\/\/leonidashouses.com\/leonidas-ii-traditional-house-in-sparta\/#breadcrumb\"},\"inLanguage\":\"fr-FR\",\"potentialAction\":[{\"@type\":\"ReadAction\",\"target\":[\"https:\/\/leonidashouses.com\/leonidas-ii-traditional-house-in-sparta\/\"]}]},{\"@type\":\"ImageObject\",\"inLanguage\":\"fr-FR\",\"@id\":\"https:\/\/leonidashouses.com\/leonidas-ii-traditional-house-in-sparta\/#primaryimage\",\"url\":\"https:\/\/leonidashouses.com\/wp-content\/uploads\/2021\/08\/IMG_20210811_151756-1-1-1-scaled.jpg\",\"contentUrl\":\"https:\/\/leonidashouses.com\/wp-content\/uploads\/2021\/08\/IMG_20210811_151756-1-1-1-scaled.jpg\",\"width\":2560,\"height\":1920,\"caption\":\"Leonidas II Traditional House in Sparta\"},{\"@type\":\"BreadcrumbList\",\"@id\":\"https:\/\/leonidashouses.com\/leonidas-ii-traditional-house-in-sparta\/#breadcrumb\",\"itemListElement\":[{\"@type\":\"ListItem\",\"position\":1,\"name\":\"Home\",\"item\":\"https:\/\/leonidashouses.com\/\"},{\"@type\":\"ListItem\",\"position\":2,\"name\":\"Leonidas II Traditional House in Sparta\"}]},{\"@type\":\"WebSite\",\"@id\":\"https:\/\/leonidashouses.com\/#website\",\"url\":\"https:\/\/leonidashouses.com\/\",\"name\":\"Leonidas Houses\",\"description\":\"Best Accommodation in Sparta\",\"potentialAction\":[{\"@type\":\"SearchAction\",\"target\":{\"@type\":\"EntryPoint\",\"urlTemplate\":\"https:\/\/leonidashouses.com\/?s={search_term_string}\"},\"query-input\":{\"@type\":\"PropertyValueSpecification\",\"valueRequired\":true,\"valueName\":\"search_term_string\"}}],\"inLanguage\":\"fr-FR\"}]}<\/script>\n<!-- \/ Yoast SEO plugin. -->","yoast_head_json":{"title":"Leonidas II Traditional House in Sparta - Leonidas Houses","robots":{"index":"index","follow":"follow","max-snippet":"max-snippet:-1","max-image-preview":"max-image-preview:large","max-video-preview":"max-video-preview:-1"},"canonical":"https:\/\/leonidashouses.com\/leonidas-ii-traditional-house-in-sparta\/","og_locale":"fr_FR","og_type":"article","og_title":"Leonidas II Traditional House in Sparta - Leonidas Houses","og_description":"[vc_row][vc_column][rev_slider_vc alias=\u00a0\u00bbSlider-1&Prime;][vc_column_text]Ce charmant appartement avec jardin privatif est ouvert, a\u00e9r\u00e9, lumineux et gai. Il peut accueillir 5 personnes. Il comprend un salon confortable avec une t\u00e9l\u00e9vision LCD (32\u00a0\u00bb) avec de grandes fen\u00eatres afin de profiter du soleil pendant la journ\u00e9e. La cuisine est enti\u00e8rement \u00e9quip\u00e9e avec une belle table \u00e0 manger. La salle de bain","og_url":"https:\/\/leonidashouses.com\/leonidas-ii-traditional-house-in-sparta\/","og_site_name":"Leonidas Houses","article_modified_time":"2022-04-11T14:55:26+00:00","og_image":[{"width":2560,"height":1920,"url":"https:\/\/leonidashouses.com\/wp-content\/uploads\/2021\/08\/IMG_20210811_151756-1-1-1-scaled.jpg","type":"image\/jpeg"}],"twitter_card":"summary_large_image","twitter_misc":{"Dur\u00e9e de lecture estim\u00e9e":"1 minute"},"schema":{"@context":"https:\/\/schema.org","@graph":[{"@type":"WebPage","@id":"https:\/\/leonidashouses.com\/leonidas-ii-traditional-house-in-sparta\/","url":"https:\/\/leonidashouses.com\/leonidas-ii-traditional-house-in-sparta\/","name":"Leonidas II Traditional House in Sparta - Leonidas Houses","isPartOf":{"@id":"https:\/\/leonidashouses.com\/#website"},"primaryImageOfPage":{"@id":"https:\/\/leonidashouses.com\/leonidas-ii-traditional-house-in-sparta\/#primaryimage"},"image":{"@id":"https:\/\/leonidashouses.com\/leonidas-ii-traditional-house-in-sparta\/#primaryimage"},"thumbnailUrl":"https:\/\/leonidashouses.com\/wp-content\/uploads\/2021\/08\/IMG_20210811_151756-1-1-1-scaled.jpg","datePublished":"2022-04-11T13:38:18+00:00","dateModified":"2022-04-11T14:55:26+00:00","breadcrumb":{"@id":"https:\/\/leonidashouses.com\/leonidas-ii-traditional-house-in-sparta\/#breadcrumb"},"inLanguage":"fr-FR","potentialAction":[{"@type":"ReadAction","target":["https:\/\/leonidashouses.com\/leonidas-ii-traditional-house-in-sparta\/"]}]},{"@type":"ImageObject","inLanguage":"fr-FR","@id":"https:\/\/leonidashouses.com\/leonidas-ii-traditional-house-in-sparta\/#primaryimage","url":"https:\/\/leonidashouses.com\/wp-content\/uploads\/2021\/08\/IMG_20210811_151756-1-1-1-scaled.jpg","contentUrl":"https:\/\/leonidashouses.com\/wp-content\/uploads\/2021\/08\/IMG_20210811_151756-1-1-1-scaled.jpg","width":2560,"height":1920,"caption":"Leonidas II Traditional House in Sparta"},{"@type":"BreadcrumbList","@id":"https:\/\/leonidashouses.com\/leonidas-ii-traditional-house-in-sparta\/#breadcrumb","itemListElement":[{"@type":"ListItem","position":1,"name":"Home","item":"https:\/\/leonidashouses.com\/"},{"@type":"ListItem","position":2,"name":"Leonidas II Traditional House in Sparta"}]},{"@type":"WebSite","@id":"https:\/\/leonidashouses.com\/#website","url":"https:\/\/leonidashouses.com\/","name":"Leonidas Houses","description":"Best Accommodation in Sparta","potentialAction":[{"@type":"SearchAction","target":{"@type":"EntryPoint","urlTemplate":"https:\/\/leonidashouses.com\/?s={search_term_string}"},"query-input":{"@type":"PropertyValueSpecification","valueRequired":true,"valueName":"search_term_string"}}],"inLanguage":"fr-FR"}]}},"_links":{"self":[{"href":"https:\/\/leonidashouses.com\/fr\/wp-json\/wp\/v2\/pages\/1322","targetHints":{"allow":["GET"]}}],"collection":[{"href":"https:\/\/leonidashouses.com\/fr\/wp-json\/wp\/v2\/pages"}],"about":[{"href":"https:\/\/leonidashouses.com\/fr\/wp-json\/wp\/v2\/types\/page"}],"author":[{"embeddable":true,"href":"https:\/\/leonidashouses.com\/fr\/wp-json\/wp\/v2\/users\/2"}],"replies":[{"embeddable":true,"href":"https:\/\/leonidashouses.com\/fr\/wp-json\/wp\/v2\/comments?post=1322"}],"version-history":[{"count":2,"href":"https:\/\/leonidashouses.com\/fr\/wp-json\/wp\/v2\/pages\/1322\/revisions"}],"predecessor-version":[{"id":1324,"href":"https:\/\/leonidashouses.com\/fr\/wp-json\/wp\/v2\/pages\/1322\/revisions\/1324"}],"wp:featuredmedia":[{"embeddable":true,"href":"https:\/\/leonidashouses.com\/fr\/wp-json\/wp\/v2\/media\/1078"}],"wp:attachment":[{"href":"https:\/\/leonidashouses.com\/fr\/wp-json\/wp\/v2\/media?parent=1322"}],"curies":[{"name":"wp","href":"https:\/\/api.w.org\/{rel}","templated":true}]}}